{"id":4314,"date":"2017-07-09T12:22:22","date_gmt":"2017-07-09T10:22:22","guid":{"rendered":"http:\/\/nestor-contorsionniste.fr\/?page_id=4314"},"modified":"2023-06-10T16:38:56","modified_gmt":"2023-06-10T14:38:56","slug":"ness","status":"publish","type":"page","link":"https:\/\/nestor-contorsionniste.fr\/?page_id=4314","title":{"rendered":"NESS"},"content":{"rendered":"<div style='height:100px' class='hr hr-invisible '><span class='hr-inner ' ><span class='hr-inner-style'><\/span><\/span><\/div>\n<div class='avia-image-container  av-styling-   avia-align-center '  ><div class='avia-image-container-inner'><img class='avia_image ' src='https:\/\/nestor-contorsionniste.fr\/wp-content\/uploads\/2017\/07\/Ness6-1500x630.jpg' alt='' title='Ness6'   \/><\/div><\/div>\n<div class=\"flex_column av_one_fifth  av-hide-on-mobile  flex_column_div av-zero-column-padding first  \" style='border-radius:0px; '><section class=\"av_textblock_section\" ><div class='avia_textblock '  ><\/div><\/section><\/div>\n<div class=\"flex_column av_three_fifth  flex_column_div   \" style='padding:10px 0px 0px 0px ; border-radius:0px 0px 0px 0px ; '><section class=\"av_textblock_section\" ><div class='avia_textblock '  style='font-size:20px; ' ><h1 style=\"text-align: center;\"><span style=\"color: #ffffff;\"><strong><span style=\"font-family: 'Bell MT';\">Ness,\u00a0la d\u00e9couverte d&rsquo;une cr\u00e9ature onirique et po\u00e9tique<\/span><\/strong><\/span><\/h1>\n<h1><\/h1>\n<\/div><\/section><br \/>\n<div style=' margin-top:30px; margin-bottom:30px;'  class='hr hr-custom hr-center hr-icon-no '><span class='hr-inner   inner-border-av-border-fat' style=' width:200px; border-color:#ffffff;' ><span class='hr-inner-style'><\/span><\/span><\/div><br \/>\n<div style='height:50px' class='hr hr-invisible '><span class='hr-inner ' ><span class='hr-inner-style'><\/span><\/span><\/div><\/p><\/div>\n<div class=\"flex_column av_one_fifth  av-hide-on-mobile  flex_column_div av-zero-column-padding   \" style='border-radius:0px; '><section class=\"av_textblock_section\" ><div class='avia_textblock '  ><\/div><\/section><\/div>\n<div class='avia-button-wrap avia-button-center '><a href='http:\/\/nestor-contorsionniste.fr\/wp-content\/uploads\/2017\/07\/Presentation-contorsion-Solo.pdf' class='avia-button  avia-icon_select-yes-left-icon avia-color-red avia-size-x-large avia-position-center '  target=\"_blank\"   ><span class='avia_button_icon avia_button_icon_left ' aria-hidden='true' data-av_icon='\ue86c' data-av_iconfont='entypo-fontello'><\/span><span class='avia_iconbox_title' >FICHE TECHNIQUE NESS<\/span><\/a><\/div>\n<div class='flex_column_table av-equal-height-column-flextable' ><div class=\"flex_column av_one_half  no_margin flex_column_table_cell av-equal-height-column av-align-middle first  \" style='padding:0px 20px 30px 20px ; border-radius:0px; '><section class=\"av_textblock_section\" ><div class='avia_textblock '  style='font-size:14px; ' ><div style=' margin-top:30px; margin-bottom:30px;'  class='hr hr-custom hr-center hr-icon-yes '><span class='hr-inner   inner-border-av-border-fat' style=' width:100px; border-color:#ffffff;' ><span class='hr-inner-style'><\/span><\/span><span class='av-seperator-icon' style='color:#ffffff;' aria-hidden='true' data-av_icon='\ue80a' data-av_iconfont='entypo-fontello'><\/span><span class='hr-inner   inner-border-av-border-fat' style=' width:100px; border-color:#ffffff;' ><span class='hr-inner-style'><\/span><\/span><\/div>\n<p style=\"text-align: center;\">PRESENTATION :<\/p>\n<p style=\"text-align: justify;\">\u00ab\u00a0Son \u00eatre exprime l\u2019\u00e9nergie la plus virile en m\u00eame temps que la gr\u00e2ce d\u2019une vierge c\u00e9leste. Rien ne para\u00eet naturel en Ness, pas m\u00eame les muscles de son corps \u00a0qui se fraient un passage \u00e0 travers les contours harmonieux de formes f\u00e9minines.\u00a0\u00bb<\/p>\n<p style=\"text-align: justify;\">Le num\u00e9ro de contorsion Ness est original, po\u00e9tique et tr\u00e8s visuel gr\u00e2ce \u00e0 l&rsquo;association d&rsquo;un masque v\u00e9nitien et des \u00e9ventails avec une musique baroque. Un costume rouge et dor\u00e9 continue \u00e0 contribuer \u00e0 l&rsquo;\u00e9l\u00e9gance de ce num\u00e9ro qui habill\u00e9 par la contorsion et les \u00e9quilibres\u00a0en font\u00a0un moment inoubliable. Il convient parfaitement \u00e0 tous types d&rsquo;\u00e9v\u00e9nements.<\/p>\n<p>La dur\u00e9e du num\u00e9ro est 7min.<\/p>\n<div style=' margin-top:30px; margin-bottom:30px;'  class='hr hr-custom hr-center hr-icon-yes '><span class='hr-inner   inner-border-av-border-fat' style=' width:100px; border-color:#ffffff;' ><span class='hr-inner-style'><\/span><\/span><span class='av-seperator-icon' style='color:#ffffff;' aria-hidden='true' data-av_icon='\ue80a' data-av_iconfont='entypo-fontello'><\/span><span class='hr-inner   inner-border-av-border-fat' style=' width:100px; border-color:#ffffff;' ><span class='hr-inner-style'><\/span><\/span><\/div>\n<\/div><\/section><\/div>\n<div class=\"flex_column av_one_half  no_margin flex_column_table_cell av-equal-height-column av-align-middle av-zero-column-padding   \" style='border-radius:0px; '><div style='padding-bottom:56.25%;' class='avia-video avia-video-custom  ' ><div class='avia-iframe-wrap'><iframe loading=\"lazy\" width=\"1500\" height=\"844\" src=\"https:\/\/www.youtube.com\/embed\/faPa_yRN3sQ?feature=oembed\" frameborder=\"0\" allowfullscreen><\/iframe><\/div><\/div><\/div><\/div><!--close column table wrapper. Autoclose:  -->\n<div class='av-horizontal-gallery av-horizontal-gallery-1px-gap av-horizontal-gallery-enlarge-effect av-horizontal-gallery-1  av-control-default'  style='padding: 3% 0px;' data-av-enlarge='1.3'  data-av-initial='4' ><div class='avia-slideshow-arrows avia-slideshow-controls'><a href='#prev' class='prev-slide av-horizontal-gallery-prev' aria-hidden='true' data-av_icon='\ue87c' data-av_iconfont='entypo-fontello'>Pr\u00e9c\u00e9dent<\/a><a href='#next' class='next-slide av-horizontal-gallery-next' aria-hidden='true' data-av_icon='\ue87d' data-av_iconfont='entypo-fontello'>Suivant<\/a><\/div><div class='av-horizontal-gallery-inner' style='padding-bottom:20%' data-av-height='20'><div class='av-horizontal-gallery-slider'><div class='av-horizontal-gallery-wrap noHover'><img class='av-horizontal-gallery-img' width='1030' height='687' src='https:\/\/nestor-contorsionniste.fr\/wp-content\/uploads\/2017\/04\/dsc_9352_32490534611_o-Copie-1030x687.jpg' title='Contortion in Venice' alt='' \/><a href='https:\/\/nestor-contorsionniste.fr\/wp-content\/uploads\/2017\/04\/dsc_9352_32490534611_o-Copie-1030x687.jpg'  class='av-horizontal-gallery-link' aria-hidden='true' data-av_icon='\ue869' data-av_iconfont='entypo-fontello'><\/a><\/div><div class='av-horizontal-gallery-wrap noHover'><img class='av-horizontal-gallery-img' width='1030' height='687' src='https:\/\/nestor-contorsionniste.fr\/wp-content\/uploads\/2017\/07\/DSC_3023-1030x687.jpg' title='Contortion in Venice carnival' alt='' \/><a href='https:\/\/nestor-contorsionniste.fr\/wp-content\/uploads\/2017\/07\/DSC_3023-1030x687.jpg'  class='av-horizontal-gallery-link' aria-hidden='true' data-av_icon='\ue869' data-av_iconfont='entypo-fontello'><\/a><\/div><div class='av-horizontal-gallery-wrap noHover'><img class='av-horizontal-gallery-img' width='1030' height='687' src='https:\/\/nestor-contorsionniste.fr\/wp-content\/uploads\/2017\/04\/dsc_9358_32572784806_o-Copie-1030x687.jpg' title='Contortion in Venice carnival' alt='' \/><a href='https:\/\/nestor-contorsionniste.fr\/wp-content\/uploads\/2017\/04\/dsc_9358_32572784806_o-Copie-1030x687.jpg'  class='av-horizontal-gallery-link' aria-hidden='true' data-av_icon='\ue869' data-av_iconfont='entypo-fontello'><\/a><\/div><div class='av-horizontal-gallery-wrap noHover'><img class='av-horizontal-gallery-img' width='834' height='1030' src='https:\/\/nestor-contorsionniste.fr\/wp-content\/uploads\/2017\/07\/dsc_9344_dxo_31801029483_o-834x1030.jpg' title='Contortion in Venice carnival' alt='' \/><a href='https:\/\/nestor-contorsionniste.fr\/wp-content\/uploads\/2017\/07\/dsc_9344_dxo_31801029483_o-834x1030.jpg'  class='av-horizontal-gallery-link' aria-hidden='true' data-av_icon='\ue869' data-av_iconfont='entypo-fontello'><\/a><\/div><div class='av-horizontal-gallery-wrap noHover'><img class='av-horizontal-gallery-img' width='1030' height='687' src='https:\/\/nestor-contorsionniste.fr\/wp-content\/uploads\/2017\/07\/DSC_3024-1-1030x687.jpg' title='Contortion in Venice carnival' alt='' \/><a href='https:\/\/nestor-contorsionniste.fr\/wp-content\/uploads\/2017\/07\/DSC_3024-1-1030x687.jpg'  class='av-horizontal-gallery-link' aria-hidden='true' data-av_icon='\ue869' data-av_iconfont='entypo-fontello'><\/a><\/div><div class='av-horizontal-gallery-wrap noHover'><img class='av-horizontal-gallery-img' width='1030' height='687' src='https:\/\/nestor-contorsionniste.fr\/wp-content\/uploads\/2017\/07\/DSC_3002-1030x687.jpg' title='Contortion in Venice carnival' alt='' \/><a href='https:\/\/nestor-contorsionniste.fr\/wp-content\/uploads\/2017\/07\/DSC_3002-1030x687.jpg'  class='av-horizontal-gallery-link' aria-hidden='true' data-av_icon='\ue869' data-av_iconfont='entypo-fontello'><\/a><\/div><div class='av-horizontal-gallery-wrap noHover'><img class='av-horizontal-gallery-img' width='1030' height='917' src='https:\/\/nestor-contorsionniste.fr\/wp-content\/uploads\/2017\/07\/DKN_3632-1-Copie-1030x917.jpg' title='Contortion in Venice carnival' alt='' \/><a href='https:\/\/nestor-contorsionniste.fr\/wp-content\/uploads\/2017\/07\/DKN_3632-1-Copie-1030x917.jpg'  class='av-horizontal-gallery-link' aria-hidden='true' data-av_icon='\ue869' data-av_iconfont='entypo-fontello'><\/a><\/div><div class='av-horizontal-gallery-wrap noHover'><img class='av-horizontal-gallery-img' width='687' height='1030' src='https:\/\/nestor-contorsionniste.fr\/wp-content\/uploads\/2017\/07\/Les-nuites-du-cirque-279-687x1030.jpg' title='Contortion in Venice carnival' alt='' \/><a href='https:\/\/nestor-contorsionniste.fr\/wp-content\/uploads\/2017\/07\/Les-nuites-du-cirque-279-687x1030.jpg'  class='av-horizontal-gallery-link' aria-hidden='true' data-av_icon='\ue869' data-av_iconfont='entypo-fontello'><\/a><\/div><div class='av-horizontal-gallery-wrap noHover'><img class='av-horizontal-gallery-img' width='1030' height='688' src='https:\/\/nestor-contorsionniste.fr\/wp-content\/uploads\/2017\/07\/dsc_9384_32234021020_o-1030x688.jpg' title='Contortion in Venice carnival' alt='' \/><a href='https:\/\/nestor-contorsionniste.fr\/wp-content\/uploads\/2017\/07\/dsc_9384_32234021020_o-1030x688.jpg'  class='av-horizontal-gallery-link' aria-hidden='true' data-av_icon='\ue869' data-av_iconfont='entypo-fontello'><\/a><\/div><\/div><\/div><\/div>\n<div style='height:50px' class='hr hr-invisible '><span class='hr-inner ' ><span class='hr-inner-style'><\/span><\/span><\/div>\n<section class=\"av_textblock_section\" ><div class='avia_textblock '  style='font-size:20px; ' ><p>DEAMBULATION<\/p>\n<\/div><\/section>\n<div class='av-horizontal-gallery av-horizontal-gallery-1px-gap av-horizontal-gallery-enlarge-effect av-horizontal-gallery-2  av-control-default'  style='padding: 3% 0px;' data-av-enlarge='1.3'  data-av-initial='2' ><div class='avia-slideshow-arrows avia-slideshow-controls'><a href='#prev' class='prev-slide av-horizontal-gallery-prev' aria-hidden='true' data-av_icon='\ue87c' data-av_iconfont='entypo-fontello'>Pr\u00e9c\u00e9dent<\/a><a href='#next' class='next-slide av-horizontal-gallery-next' aria-hidden='true' data-av_icon='\ue87d' data-av_iconfont='entypo-fontello'>Suivant<\/a><\/div><div class='av-horizontal-gallery-inner' style='padding-bottom:20%' data-av-height='20'><div class='av-horizontal-gallery-slider'><div class='av-horizontal-gallery-wrap noHover'><img class='av-horizontal-gallery-img' width='797' height='527' src='https:\/\/nestor-contorsionniste.fr\/wp-content\/uploads\/2017\/07\/cabaret-onirique-3-2.jpg' title='Contortion for Venetian walkabout' alt='' \/><a href='https:\/\/nestor-contorsionniste.fr\/wp-content\/uploads\/2017\/07\/cabaret-onirique-3-2.jpg'  class='av-horizontal-gallery-link' aria-hidden='true' data-av_icon='\ue869' data-av_iconfont='entypo-fontello'><\/a><\/div><div class='av-horizontal-gallery-wrap noHover'><img class='av-horizontal-gallery-img' width='687' height='1030' src='https:\/\/nestor-contorsionniste.fr\/wp-content\/uploads\/2017\/07\/DSC_3038-687x1030.jpg' title='Contortion for Venetian walkabout' alt='' \/><a href='https:\/\/nestor-contorsionniste.fr\/wp-content\/uploads\/2017\/07\/DSC_3038-687x1030.jpg'  class='av-horizontal-gallery-link' aria-hidden='true' data-av_icon='\ue869' data-av_iconfont='entypo-fontello'><\/a><\/div><div class='av-horizontal-gallery-wrap noHover'><img class='av-horizontal-gallery-img' width='511' height='767' src='https:\/\/nestor-contorsionniste.fr\/wp-content\/uploads\/2017\/07\/cabaret-onirique-4-3.jpg' title='Contortion for Venetian walkabout' alt='' \/><a href='https:\/\/nestor-contorsionniste.fr\/wp-content\/uploads\/2017\/07\/cabaret-onirique-4-3.jpg'  class='av-horizontal-gallery-link' aria-hidden='true' data-av_icon='\ue869' data-av_iconfont='entypo-fontello'><\/a><\/div><div class='av-horizontal-gallery-wrap noHover'><img class='av-horizontal-gallery-img' width='1030' height='687' src='https:\/\/nestor-contorsionniste.fr\/wp-content\/uploads\/2017\/07\/Cabaret-Onirique-Inauguration-12-2-1030x687.jpg' title='Contortion for Venetian walkabout' alt='' \/><a href='https:\/\/nestor-contorsionniste.fr\/wp-content\/uploads\/2017\/07\/Cabaret-Onirique-Inauguration-12-2-1030x687.jpg'  class='av-horizontal-gallery-link' aria-hidden='true' data-av_icon='\ue869' data-av_iconfont='entypo-fontello'><\/a><\/div><div class='av-horizontal-gallery-wrap noHover'><img class='av-horizontal-gallery-img' width='1000' height='667' src='https:\/\/nestor-contorsionniste.fr\/wp-content\/uploads\/2017\/07\/IMG_3418-2.jpg' title='Contortion for Venetian walkabout' alt='' \/><a href='https:\/\/nestor-contorsionniste.fr\/wp-content\/uploads\/2017\/07\/IMG_3418-2.jpg'  class='av-horizontal-gallery-link' aria-hidden='true' data-av_icon='\ue869' data-av_iconfont='entypo-fontello'><\/a><\/div><\/div><\/div><\/div>\n<div style='height:50px' class='hr hr-invisible '><span class='hr-inner ' ><span class='hr-inner-style'><\/span><\/span><\/div>\n<section class=\"av_textblock_section\" ><div class='avia_textblock '  style='font-size:13px; ' ><p style=\"text-align: right;\">\u00a9 Nestor &#8211; contorsionniste 2020<\/p>\n<\/div><\/section>\n","protected":false},"excerpt":{"rendered":"","protected":false},"author":1,"featured_media":0,"parent":4303,"menu_order":1,"comment_status":"closed","ping_status":"closed","template":"","meta":{"footnotes":""},"_links":{"self":[{"href":"https:\/\/nestor-contorsionniste.fr\/index.php?rest_route=\/wp\/v2\/pages\/4314"}],"collection":[{"href":"https:\/\/nestor-contorsionniste.fr\/index.php?rest_route=\/wp\/v2\/pages"}],"about":[{"href":"https:\/\/nestor-contorsionniste.fr\/index.php?rest_route=\/wp\/v2\/types\/page"}],"author":[{"embeddable":true,"href":"https:\/\/nestor-contorsionniste.fr\/index.php?rest_route=\/wp\/v2\/users\/1"}],"replies":[{"embeddable":true,"href":"https:\/\/nestor-contorsionniste.fr\/index.php?rest_route=%2Fwp%2Fv2%2Fcomments&post=4314"}],"version-history":[{"count":15,"href":"https:\/\/nestor-contorsionniste.fr\/index.php?rest_route=\/wp\/v2\/pages\/4314\/revisions"}],"predecessor-version":[{"id":4355,"href":"https:\/\/nestor-contorsionniste.fr\/index.php?rest_route=\/wp\/v2\/pages\/4314\/revisions\/4355"}],"up":[{"embeddable":true,"href":"https:\/\/nestor-contorsionniste.fr\/index.php?rest_route=\/wp\/v2\/pages\/4303"}],"wp:attachment":[{"href":"https:\/\/nestor-contorsionniste.fr\/index.php?rest_route=%2Fwp%2Fv2%2Fmedia&parent=4314"}],"curies":[{"name":"wp","href":"https:\/\/api.w.org\/{rel}","templated":true}]}}