{"id":4651,"date":"2018-07-20T21:45:28","date_gmt":"2018-07-20T19:45:28","guid":{"rendered":"http:\/\/nestor-contorsionniste.fr\/?page_id=4651"},"modified":"2025-03-10T00:08:46","modified_gmt":"2025-03-09T23:08:46","slug":"cannes-dequilibre","status":"publish","type":"page","link":"https:\/\/nestor-contorsionniste.fr\/?page_id=4651","title":{"rendered":"Cannes d&rsquo;\u00e9quilibre"},"content":{"rendered":"<div style='height:100px' class='hr hr-invisible '><span class='hr-inner ' ><span class='hr-inner-style'><\/span><\/span><\/div>\n\n\n<div class=\"flex_column av_one_full  no_margin flex_column_div first  \" style='margin-top:0px; margin-bottom:0px; padding:0px 0px 40px 0px ; border-radius:0px; '><div class='avia-image-container  av-styling-   avia-align-center '  ><div class='avia-image-container-inner'><img class='avia_image ' src='https:\/\/nestor-contorsionniste.fr\/wp-content\/uploads\/2018\/07\/wwwtheatreiguanefr_3287_42036772574_o-copie-2.png' alt='' title='wwwtheatreiguanefr_3287_42036772574_o copie 2'   \/><\/div><\/div><\/div>\n\n\n<div class='avia-button-wrap avia-button-center '><a href='http:\/\/nestor-contorsionniste.fr\/wp-content\/uploads\/2018\/07\/Presentation-solo-cannes-dequilibre-1.pdf' class='avia-button  avia-icon_select-yes-left-icon avia-color-red avia-size-x-large avia-position-center '  target=\"_blank\"   ><span class='avia_button_icon avia_button_icon_left ' aria-hidden='true' data-av_icon='\ue86c' data-av_iconfont='entypo-fontello'><\/span><span class='avia_iconbox_title' >Fiche technique num\u00e9ro sur cannes d\u2019\u00e9quilibre<\/span><\/a><\/div>\n\n\n<div style='height:100px' class='hr hr-invisible '><span class='hr-inner ' ><span class='hr-inner-style'><\/span><\/span><\/div>\n\n\n<div class='flex_column_table av-equal-height-column-flextable' ><div class=\"flex_column av_one_full  no_margin flex_column_table_cell av-equal-height-column av-align-middle first  \" style='padding:0px 20px 30px 20px ; border-radius:0px; '><section class=\"av_textblock_section\" ><div class='avia_textblock '  style='font-size:15px; ' ><h2>Num\u00e9ro d&rsquo;\u00e9quilibre \u00e0\u00a04 cannes<\/h2>\n<\/div><\/section><\/div><\/div><!--close column table wrapper. Autoclose:  -->\n\n\n<div class='flex_column_table av-equal-height-column-flextable' ><div class=\"flex_column av_one_half  no_margin flex_column_table_cell av-equal-height-column av-align-middle first  \" style='padding:0px 20px 30px 20px ; border-radius:0px; '><section class=\"av_textblock_section\" ><div class='avia_textblock '  style='font-size:15px; ' ><div style=' margin-top:30px; margin-bottom:30px;'  class='hr hr-custom hr-center hr-icon-yes '><span class='hr-inner   inner-border-av-border-fat' style=' width:100px; border-color:#ffffff;' ><span class='hr-inner-style'><\/span><\/span><span class='av-seperator-icon' style='color:#ffffff;' aria-hidden='true' data-av_icon='\ue80a' data-av_iconfont='entypo-fontello'><\/span><span class='hr-inner   inner-border-av-border-fat' style=' width:100px; border-color:#ffffff;' ><span class='hr-inner-style'><\/span><\/span><\/div>\n<p style=\"text-align: center;\">Pr\u00e9sentation :<\/p>\n<p style=\"text-align: left;\">Dans ce num\u00e9ro qui peut \u00eatre frontal ou vu \u00e0 360\u00b0, l&rsquo;artiste enferm\u00e9 dans 1m de diam\u00e8tre va se confronter \u00e0 cet emprisonnement au sol ou sur canne. L&rsquo;utilisation des cannes tournantes permet de dynamiser l&rsquo;ensemble.<\/p>\n<div style=' margin-top:30px; margin-bottom:30px;'  class='hr hr-custom hr-center hr-icon-yes '><span class='hr-inner   inner-border-av-border-fat' style=' width:100px; border-color:#ffffff;' ><span class='hr-inner-style'><\/span><\/span><span class='av-seperator-icon' style='color:#ffffff;' aria-hidden='true' data-av_icon='\ue80a' data-av_iconfont='entypo-fontello'><\/span><span class='hr-inner   inner-border-av-border-fat' style=' width:100px; border-color:#ffffff;' ><span class='hr-inner-style'><\/span><\/span><\/div>\n<\/div><\/section><\/div>\n\n\n<div class=\"flex_column av_one_half  no_margin flex_column_table_cell av-equal-height-column av-align-middle av-zero-column-padding   \" style='border-radius:0px; '><div style='padding-bottom:56.25%;' class='avia-video avia-video-custom  ' ><div class='avia-iframe-wrap'><iframe loading=\"lazy\" title=\"Nestor solo act on canes\" width=\"1500\" height=\"844\" src=\"https:\/\/www.youtube.com\/embed\/yaNwb2z2KYE?feature=oembed\" frameborder=\"0\" allow=\"accelerometer; autoplay; clipboard-write; encrypted-media; gyroscope; picture-in-picture; web-share\" referrerpolicy=\"strict-origin-when-cross-origin\" allowfullscreen><\/iframe><\/div><\/div><\/div><\/div><!--close column table wrapper. Autoclose:  -->\n\n\n<div class='flex_column_table av-equal-height-column-flextable' ><div class=\"flex_column av_one_full  no_margin flex_column_table_cell av-equal-height-column av-align-middle first  \" style='padding:0px 20px 30px 20px ; border-radius:0px; '><section class=\"av_textblock_section\" ><div class='avia_textblock '  style='font-size:15px; ' ><h2>Num\u00e9ro d&rsquo;\u00e9quilibre \u00e0 2 cannes<\/h2>\n<\/div><\/section><\/div><\/div><!--close column table wrapper. Autoclose:  -->\n\n\n<div class='flex_column_table av-equal-height-column-flextable' ><div class=\"flex_column av_one_half  no_margin flex_column_table_cell av-equal-height-column av-align-middle first  \" style='padding:0px 20px 30px 20px ; border-radius:0px; '><section class=\"av_textblock_section\" ><div class='avia_textblock '  style='font-size:15px; ' ><div style=' margin-top:30px; margin-bottom:30px;'  class='hr hr-custom hr-center hr-icon-yes '><span class='hr-inner   inner-border-av-border-fat' style=' width:100px; border-color:#ffffff;' ><span class='hr-inner-style'><\/span><\/span><span class='av-seperator-icon' style='color:#ffffff;' aria-hidden='true' data-av_icon='\ue80a' data-av_iconfont='entypo-fontello'><\/span><span class='hr-inner   inner-border-av-border-fat' style=' width:100px; border-color:#ffffff;' ><span class='hr-inner-style'><\/span><\/span><\/div>\n<p style=\"text-align: center;\">Pr\u00e9sentation :<\/p>\n<p style=\"text-align: left;\">Une performance touchante o\u00f9 un homme d\u00e9laisse ces jambes pour trouver une nouvelle gr\u00e2ce au dessus du sol.<\/p>\n<div style=' margin-top:30px; margin-bottom:30px;'  class='hr hr-custom hr-center hr-icon-yes '><span class='hr-inner   inner-border-av-border-fat' style=' width:100px; border-color:#ffffff;' ><span class='hr-inner-style'><\/span><\/span><span class='av-seperator-icon' style='color:#ffffff;' aria-hidden='true' data-av_icon='\ue80a' data-av_iconfont='entypo-fontello'><\/span><span class='hr-inner   inner-border-av-border-fat' style=' width:100px; border-color:#ffffff;' ><span class='hr-inner-style'><\/span><\/span><\/div>\n<\/div><\/section><\/div>\n\n\n<div class=\"flex_column av_one_half  no_margin flex_column_table_cell av-equal-height-column av-align-middle av-zero-column-padding   \" style='border-radius:0px; '><div style='padding-bottom:56.25%;' class='avia-video avia-video-custom  ' ><a href=\"https:\/\/www.youtube.com\/watch?v=8Y55MQIksrc\">https:\/\/www.youtube.com\/watch?v=8Y55MQIksrc<\/a><\/div><\/div><\/div><!--close column table wrapper. Autoclose:  -->\n\n\n<div style='height:100px' class='hr hr-invisible '><span class='hr-inner ' ><span class='hr-inner-style'><\/span><\/span><\/div>\n\n\n<section class=\"av_textblock_section\" ><div class='avia_textblock '  ><h2>Cr\u00e9ation de num\u00e9ro sur cannes \u00e0 la demande<\/h2>\n<p>Nestor peut s&rsquo;adapter \u00e0 vos besoins pour cr\u00e9er un nouveau num\u00e9ro de cannes d&rsquo;\u00e9quilibre (nouveau costume, nouvelle musique, nouvelles figures&#8230;). Quelques exemples ci-dessous.<\/p>\n<\/div><\/section>\n\n\n<div class='av-horizontal-gallery av-horizontal-gallery-1px-gap av-horizontal-gallery-enlarge-effect av-horizontal-gallery-1  av-control-default'  style='padding: 3% 0px;' data-av-enlarge='1.3'  data-av-initial='2' ><div class='avia-slideshow-arrows avia-slideshow-controls'><a href='#prev' class='prev-slide av-horizontal-gallery-prev' aria-hidden='true' data-av_icon='\ue87c' data-av_iconfont='entypo-fontello'>Pr\u00e9c\u00e9dent<\/a><a href='#next' class='next-slide av-horizontal-gallery-next' aria-hidden='true' data-av_icon='\ue87d' data-av_iconfont='entypo-fontello'>Suivant<\/a><\/div><div class='av-horizontal-gallery-inner' style='padding-bottom:20%' data-av-height='20'><div class='av-horizontal-gallery-slider'><div class='av-horizontal-gallery-wrap noHover'><img class='av-horizontal-gallery-img' width='3000' height='2002' src='https:\/\/nestor-contorsionniste.fr\/wp-content\/uploads\/2018\/07\/DSC_3046.jpg' title='Handstand in Venice' alt='' \/><a href='https:\/\/nestor-contorsionniste.fr\/wp-content\/uploads\/2018\/07\/DSC_3046-1030x687.jpg'  class='av-horizontal-gallery-link' aria-hidden='true' data-av_icon='\ue869' data-av_iconfont='entypo-fontello'><\/a><\/div><div class='av-horizontal-gallery-wrap noHover'><img class='av-horizontal-gallery-img' width='640' height='960' src='https:\/\/nestor-contorsionniste.fr\/wp-content\/uploads\/2018\/07\/34119531_10156117224729597_6521130084823203840_n.jpg' title='Handstand in Venice' alt='' \/><a href='https:\/\/nestor-contorsionniste.fr\/wp-content\/uploads\/2018\/07\/34119531_10156117224729597_6521130084823203840_n.jpg'  class='av-horizontal-gallery-link' aria-hidden='true' data-av_icon='\ue869' data-av_iconfont='entypo-fontello'><\/a><\/div><div class='av-horizontal-gallery-wrap noHover'><img class='av-horizontal-gallery-img' width='5120' height='3418' src='https:\/\/nestor-contorsionniste.fr\/wp-content\/uploads\/2018\/07\/wwwtheatreiguanefr_2837_27884886107_o.jpg' title='Bodypainting handstand' alt='' \/><a href='https:\/\/nestor-contorsionniste.fr\/wp-content\/uploads\/2018\/07\/wwwtheatreiguanefr_2837_27884886107_o-1030x688.jpg'  class='av-horizontal-gallery-link' aria-hidden='true' data-av_icon='\ue869' data-av_iconfont='entypo-fontello'><\/a><\/div><div class='av-horizontal-gallery-wrap noHover'><img class='av-horizontal-gallery-img' width='3840' height='5120' src='https:\/\/nestor-contorsionniste.fr\/wp-content\/uploads\/2018\/07\/wwwtheatreiguanefr_2828_41853751225_o.jpg' title='Bodypainting handstand' alt='' \/><a href='https:\/\/nestor-contorsionniste.fr\/wp-content\/uploads\/2018\/07\/wwwtheatreiguanefr_2828_41853751225_o-773x1030.jpg'  class='av-horizontal-gallery-link' aria-hidden='true' data-av_icon='\ue869' data-av_iconfont='entypo-fontello'><\/a><\/div><div class='av-horizontal-gallery-wrap noHover'><img class='av-horizontal-gallery-img' width='640' height='960' src='https:\/\/nestor-contorsionniste.fr\/wp-content\/uploads\/2018\/07\/34180359_10156117224624597_9048134433420345344_n.jpg' title='Handstand in Venice' alt='' \/><a href='https:\/\/nestor-contorsionniste.fr\/wp-content\/uploads\/2018\/07\/34180359_10156117224624597_9048134433420345344_n.jpg'  class='av-horizontal-gallery-link' aria-hidden='true' data-av_icon='\ue869' data-av_iconfont='entypo-fontello'><\/a><\/div><div class='av-horizontal-gallery-wrap noHover'><img class='av-horizontal-gallery-img' width='4435' height='2957' src='https:\/\/nestor-contorsionniste.fr\/wp-content\/uploads\/2018\/07\/Les-nuites-du-cirque-269.jpg' title='Handstand in Venice' alt='' \/><a href='https:\/\/nestor-contorsionniste.fr\/wp-content\/uploads\/2018\/07\/Les-nuites-du-cirque-269-1030x687.jpg'  class='av-horizontal-gallery-link' aria-hidden='true' data-av_icon='\ue869' data-av_iconfont='entypo-fontello'><\/a><\/div><div class='av-horizontal-gallery-wrap noHover'><img class='av-horizontal-gallery-img' width='5120' height='3418' src='https:\/\/nestor-contorsionniste.fr\/wp-content\/uploads\/2018\/07\/wwwtheatreiguanefr_3291_42036769754_o.jpg' title='Bodypainting handstand' alt='' \/><a href='https:\/\/nestor-contorsionniste.fr\/wp-content\/uploads\/2018\/07\/wwwtheatreiguanefr_3291_42036769754_o-1030x688.jpg'  class='av-horizontal-gallery-link' aria-hidden='true' data-av_icon='\ue869' data-av_iconfont='entypo-fontello'><\/a><\/div><div class='av-horizontal-gallery-wrap noHover'><img class='av-horizontal-gallery-img' width='1366' height='2048' src='https:\/\/nestor-contorsionniste.fr\/wp-content\/uploads\/2018\/07\/IMG_4141.jpg' title='Handstand in Venice' alt='' \/><a href='https:\/\/nestor-contorsionniste.fr\/wp-content\/uploads\/2018\/07\/IMG_4141-687x1030.jpg'  class='av-horizontal-gallery-link' aria-hidden='true' data-av_icon='\ue869' data-av_iconfont='entypo-fontello'><\/a><\/div><\/div><\/div><\/div>\n\n\n<div style='height:50px' class='hr hr-invisible '><span class='hr-inner ' ><span class='hr-inner-style'><\/span><\/span><\/div>\n\n\n<section class=\"av_textblock_section\" ><div class='avia_textblock '  style='font-size:13px; ' ><p style=\"text-align: right;\">\u00a9 Nestor &#8211; contorsionniste 2019<\/p>\n<\/div><\/section>\n","protected":false},"excerpt":{"rendered":"","protected":false},"author":1,"featured_media":0,"parent":0,"menu_order":0,"comment_status":"closed","ping_status":"closed","template":"","meta":{"footnotes":""},"_links":{"self":[{"href":"https:\/\/nestor-contorsionniste.fr\/index.php?rest_route=\/wp\/v2\/pages\/4651"}],"collection":[{"href":"https:\/\/nestor-contorsionniste.fr\/index.php?rest_route=\/wp\/v2\/pages"}],"about":[{"href":"https:\/\/nestor-contorsionniste.fr\/index.php?rest_route=\/wp\/v2\/types\/page"}],"author":[{"embeddable":true,"href":"https:\/\/nestor-contorsionniste.fr\/index.php?rest_route=\/wp\/v2\/users\/1"}],"replies":[{"embeddable":true,"href":"https:\/\/nestor-contorsionniste.fr\/index.php?rest_route=%2Fwp%2Fv2%2Fcomments&post=4651"}],"version-history":[{"count":34,"href":"https:\/\/nestor-contorsionniste.fr\/index.php?rest_route=\/wp\/v2\/pages\/4651\/revisions"}],"predecessor-version":[{"id":5605,"href":"https:\/\/nestor-contorsionniste.fr\/index.php?rest_route=\/wp\/v2\/pages\/4651\/revisions\/5605"}],"wp:attachment":[{"href":"https:\/\/nestor-contorsionniste.fr\/index.php?rest_route=%2Fwp%2Fv2%2Fmedia&parent=4651"}],"curies":[{"name":"wp","href":"https:\/\/api.w.org\/{rel}","templated":true}]}}