{"id":4901,"date":"2019-06-16T13:47:46","date_gmt":"2019-06-16T11:47:46","guid":{"rendered":"http:\/\/nestor-contorsionniste.fr\/?page_id=4901"},"modified":"2023-06-10T17:00:06","modified_gmt":"2023-06-10T15:00:06","slug":"projets-et-spectacles","status":"publish","type":"page","link":"https:\/\/nestor-contorsionniste.fr\/?page_id=4901","title":{"rendered":"Projets et spectacles"},"content":{"rendered":"<div style='height:100px' class='hr hr-invisible '><span class='hr-inner ' ><span class='hr-inner-style'><\/span><\/span><\/div>\n<div class='avia-image-container  av-styling-   avia-align-center '  ><div class='avia-image-container-inner'><img class='avia_image ' src='https:\/\/nestor-contorsionniste.fr\/wp-content\/uploads\/2019\/06\/Projets-2.png' alt='' title='Projets'   \/><\/div><\/div>\n<div style='height:100px' class='hr hr-invisible '><span class='hr-inner ' ><span class='hr-inner-style'><\/span><\/span><\/div>\n<section class=\"av_textblock_section\" ><div class='avia_textblock '  ><h2>LAGOON PIRATES<\/h2>\n<\/div><\/section>\n<div style='height:100px' class='hr hr-invisible '><span class='hr-inner ' ><span class='hr-inner-style'><\/span><\/span><\/div>\n<div class='flex_column_table av-equal-height-column-flextable' style='margin-top:0px; margin-bottom:0px; '><div class=\"flex_column av_two_fifth  no_margin flex_column_table_cell av-equal-height-column av-align-middle first  \" style='padding:15px 0px 20px 0px ; border-radius:0px 0px 0px 10px ; '><p><div class='avia-image-container  av-styling-circle   avia-align-center '  ><div class='avia-image-container-inner'><img class='avia_image ' src='https:\/\/nestor-contorsionniste.fr\/wp-content\/uploads\/2019\/06\/53167609_291026031593734_5018182850385521501_n.jpg' alt='' title='53167609_291026031593734_5018182850385521501_n'   \/><\/div><\/div><br \/>\n<section class=\"av_textblock_section\" ><div class='avia_textblock '  style='font-size:16px; ' ><p>Photographie de Jason Pavalonis<\/p>\n<\/div><\/section><\/p><\/div>\n<div class=\"flex_column av_three_fifth  no_margin flex_column_table_cell av-equal-height-column av-align-middle   \" style='padding:15px 30px 0px 30px ; border-radius:0px 0px 10px 0px ; '><section class=\"av_textblock_section\" ><div class='avia_textblock '  ><h2 style=\"text-align: left;\">Pr\u00e9sentation<\/h2>\n<\/div><\/section><br \/>\n<div style=' margin-top:0px; margin-bottom:00px;'  class='hr hr-custom hr-left hr-icon-no '><span class='hr-inner   inner-border-av-border-fat' style=' width:200px; border-color:#ffffff;' ><span class='hr-inner-style'><\/span><\/span><\/div><br \/>\n<section class=\"av_textblock_section\" ><div class='avia_textblock '  style='font-size:16px; ' ><p>En\u00a02015, Lazlo LICATA donne naissance \u00e0 un \u00e9quipage de \u00ab\u00a0Lagoon Pirates\u00a0\u00bb, form\u00e9 \u00e0 partir d&rsquo;une \u00e9quipe \u00e9clectique d&rsquo;amis &#8211; artistes, po\u00e8tes, musiciens -, qui se lancera \u00e0 l&rsquo;abordage du c\u00e9l\u00e8bre Carnaval de Venise.<\/p>\n<p id=\"tw-target-text\" class=\"tw-data-text tw-ta tw-text-small\" dir=\"ltr\" data-placeholder=\"Traduction\"><span lang=\"fr\" tabindex=\"0\">Transform\u00e9s en supports vivants d&rsquo;\u0153uvres d&rsquo;art en mouvement, tous les pirates-interpr\u00e8tes portent des masques sp\u00e9ciaux, des accessoires, des marionnettes et des costumes con\u00e7us et fabriqu\u00e9s par l&rsquo;artiste-cin\u00e9aste et son \u00e9quipe pour l&rsquo;occasion, rendant hommage\u00a0avec une touche moderne\u00a0teint\u00e9e de science-fiction aux personnages v\u00e9nitiens et aux masques traditionnels.<\/span><\/p>\n<p id=\"tw-target-text\" class=\"tw-data-text tw-ta tw-text-small\" dir=\"ltr\" data-placeholder=\"Traduction\"><span lang=\"fr\" tabindex=\"0\">Chaque ann\u00e9e, le projet n\u00e9cessite plus de deux mois de travail\u00a0en r\u00e9sidences de cr\u00e9ation. Il\u00a0a fait appel \u00e0 travers les ann\u00e9es \u00e0 la participation de plus de vingt artistes-interpr\u00e8tes venus de toutes les r\u00e9gions du monde pour le carnaval. Au cours des cinq derniers carnavals v\u00e9nitiens, le projet a ouvert plusieurs expositions pr\u00e9sentant des installations\u00a0partout dans la ville ainsi que ses \u00eeles remplies d&rsquo;\u0153uvres d&rsquo;art ainsi que des projections de vid\u00e9os et de courts m\u00e9trages, reli\u00e9es entre elles par de nombreuses d\u00e9ambulations th\u00e9\u00e2trales, d\u00e9monstrations cr\u00e9atives, concerts itin\u00e9rants, chants improvis\u00e9s et po\u00e8mes de la lagune.<\/span><\/p>\n<p><span style=\"color: #ffffff;\"><a style=\"color: #ffffff;\" href=\"https:\/\/www.lagoonpirates.com\/\">https:\/\/www.lagoonpirates.com\/<\/a><\/span><\/p>\n<p><span style=\"color: #ffffff;\"><a style=\"color: #ffffff;\" href=\"https:\/\/www.facebook.com\/lagoonpirates\/\">https:\/\/www.facebook.com\/lagoonpirates\/<\/a><\/span><\/p>\n<p><span style=\"color: #ffffff;\"><a style=\"color: #ffffff;\" href=\"https:\/\/www.instagram.com\/lagoonpirates\/?hl=fr\">https:\/\/www.instagram.com\/lagoonpirates\/?hl=fr<\/a><\/span><\/p>\n<p>Nestor int\u00e8gre ce collectif d&rsquo;artistes lors du carnaval de Venise 2019. Il y participera avec sa partenaire Marine Buridant qui avait commenc\u00e9 cette belle aventure l&rsquo;ann\u00e9e pr\u00e9c\u00e9dente.<\/p>\n<\/div><\/section><\/p><\/div><\/div><!--close column table wrapper. Autoclose:  -->\n<div style='height:100px' class='hr hr-invisible '><span class='hr-inner ' ><span class='hr-inner-style'><\/span><\/span><\/div>\n<div class='flex_column_table av-equal-height-column-flextable' ><div class=\"flex_column av_one_full  flex_column_table_cell av-equal-height-column av-align-middle av-zero-column-padding first  \" style='border-radius:0px; '><div style='padding-bottom:56.25%;' class='avia-video avia-video-custom  ' ><div class='avia-iframe-wrap'><iframe loading=\"lazy\" width=\"1500\" height=\"844\" src=\"https:\/\/www.youtube.com\/embed\/1RVAz_giUc8?start=9&feature=oembed\" frameborder=\"0\" allow=\"accelerometer; autoplay; encrypted-media; gyroscope; picture-in-picture\" allowfullscreen><\/iframe><\/div><\/div><\/div><\/div><!--close column table wrapper. Autoclose:  -->\n<div style='height:100px' class='hr hr-invisible '><span class='hr-inner ' ><span class='hr-inner-style'><\/span><\/span><\/div>\n<div class='flex_column_table av-equal-height-column-flextable' style='margin-top:0px; margin-bottom:0px; '><div class=\"flex_column av_one_full  no_margin flex_column_table_cell av-equal-height-column av-align-middle first  \" style='padding:15px 0px 20px 0px ; border-radius:0px 0px 0px 10px ; '><p><div class='avia-image-container  av-styling-no-styling   avia-align-center '  ><div class='avia-image-container-inner'><img class='avia_image ' src='https:\/\/nestor-contorsionniste.fr\/wp-content\/uploads\/2019\/06\/LP-LEstE\u0301clair-2019-1.jpg' alt='' title='CAP#CAP16#05-03-2019#EST#1#AUBAC.3#2#cci'   \/><\/div><\/div><br \/>\n<section class=\"av_textblock_section\" ><div class='avia_textblock '  style='font-size:16px; ' ><p>Photographie de Jason Pavalonis<\/p>\n<\/div><\/section><\/p><\/div><\/div><!--close column table wrapper. Autoclose:  -->\n<div style='height:100px' class='hr hr-invisible '><span class='hr-inner ' ><span class='hr-inner-style'><\/span><\/span><\/div>\n<section class=\"av_textblock_section\" ><div class='avia_textblock '  ><h2>\u00ab\u00a0Echapp\u00e9s du carroussel\u00a0\u00bb\u00a0de la compagnie Les Mangeurs de Cercles<\/h2>\n<p><span style=\"color: #ffffff;\"><a style=\"color: #ffffff;\" href=\"https:\/\/mangeursdecercle.com\/blanc_spectacles_echappes_index.html\">https:\/\/mangeursdecercle.com\/blanc_spectacles_echappes_index.html<\/a><\/span><\/p>\n<\/div><\/section>\n<div class='av-horizontal-gallery av-horizontal-gallery-1px-gap av-horizontal-gallery-enlarge-effect av-horizontal-gallery-1  av-control-default'  style='padding: 3% 0px;' data-av-enlarge='1.3'  data-av-initial='2' ><div class='avia-slideshow-arrows avia-slideshow-controls'><a href='#prev' class='prev-slide av-horizontal-gallery-prev' aria-hidden='true' data-av_icon='\ue87c' data-av_iconfont='entypo-fontello'>Pr\u00e9c\u00e9dent<\/a><a href='#next' class='next-slide av-horizontal-gallery-next' aria-hidden='true' data-av_icon='\ue87d' data-av_iconfont='entypo-fontello'>Suivant<\/a><\/div><div class='av-horizontal-gallery-inner' style='padding-bottom:20%' data-av-height='20'><div class='av-horizontal-gallery-slider'><div class='av-horizontal-gallery-wrap noHover'><img class='av-horizontal-gallery-img' width='3264' height='2448' src='https:\/\/nestor-contorsionniste.fr\/wp-content\/uploads\/2019\/06\/IMG_5568.jpg' title='Street shows Mangeurs de Cercle company' alt='' \/><a href='https:\/\/nestor-contorsionniste.fr\/wp-content\/uploads\/2019\/06\/IMG_5568-1030x773.jpg'  class='av-horizontal-gallery-link' aria-hidden='true' data-av_icon='\ue869' data-av_iconfont='entypo-fontello'><\/a><\/div><div class='av-horizontal-gallery-wrap noHover'><img class='av-horizontal-gallery-img' width='3264' height='2448' src='https:\/\/nestor-contorsionniste.fr\/wp-content\/uploads\/2019\/06\/IMG_5656.jpg' title='Street shows Mangeurs de Cercle company' alt='' \/><a href='https:\/\/nestor-contorsionniste.fr\/wp-content\/uploads\/2019\/06\/IMG_5656-1030x773.jpg'  class='av-horizontal-gallery-link' aria-hidden='true' data-av_icon='\ue869' data-av_iconfont='entypo-fontello'><\/a><\/div><div class='av-horizontal-gallery-wrap noHover'><img class='av-horizontal-gallery-img' width='2448' height='3264' src='https:\/\/nestor-contorsionniste.fr\/wp-content\/uploads\/2019\/06\/IMG_5487.jpg' title='Street shows Mangeurs de Cercle company' alt='' \/><a href='https:\/\/nestor-contorsionniste.fr\/wp-content\/uploads\/2019\/06\/IMG_5487-773x1030.jpg'  class='av-horizontal-gallery-link' aria-hidden='true' data-av_icon='\ue869' data-av_iconfont='entypo-fontello'><\/a><\/div><div class='av-horizontal-gallery-wrap noHover'><img class='av-horizontal-gallery-img' width='2448' height='3264' src='https:\/\/nestor-contorsionniste.fr\/wp-content\/uploads\/2019\/06\/IMG_5673.jpg' title='Street shows Mangeurs de Cercle company' alt='' \/><a href='https:\/\/nestor-contorsionniste.fr\/wp-content\/uploads\/2019\/06\/IMG_5673-773x1030.jpg'  class='av-horizontal-gallery-link' aria-hidden='true' data-av_icon='\ue869' data-av_iconfont='entypo-fontello'><\/a><\/div><div class='av-horizontal-gallery-wrap noHover'><img class='av-horizontal-gallery-img' width='3264' height='2448' src='https:\/\/nestor-contorsionniste.fr\/wp-content\/uploads\/2019\/06\/IMG_5758.jpg' title='Street shows Mangeurs de Cercle company' alt='' \/><a href='https:\/\/nestor-contorsionniste.fr\/wp-content\/uploads\/2019\/06\/IMG_5758-1030x773.jpg'  class='av-horizontal-gallery-link' aria-hidden='true' data-av_icon='\ue869' data-av_iconfont='entypo-fontello'><\/a><\/div><div class='av-horizontal-gallery-wrap noHover'><img class='av-horizontal-gallery-img' width='2448' height='3264' src='https:\/\/nestor-contorsionniste.fr\/wp-content\/uploads\/2019\/06\/IMG_5685.jpg' title='Street shows Mangeurs de Cercle company' alt='' \/><a href='https:\/\/nestor-contorsionniste.fr\/wp-content\/uploads\/2019\/06\/IMG_5685-773x1030.jpg'  class='av-horizontal-gallery-link' aria-hidden='true' data-av_icon='\ue869' data-av_iconfont='entypo-fontello'><\/a><\/div><div class='av-horizontal-gallery-wrap noHover'><img class='av-horizontal-gallery-img' width='2448' height='3264' src='https:\/\/nestor-contorsionniste.fr\/wp-content\/uploads\/2019\/06\/IMG_5720.jpg' title='Street shows Mangeurs de Cercle company' alt='' \/><a href='https:\/\/nestor-contorsionniste.fr\/wp-content\/uploads\/2019\/06\/IMG_5720-773x1030.jpg'  class='av-horizontal-gallery-link' aria-hidden='true' data-av_icon='\ue869' data-av_iconfont='entypo-fontello'><\/a><\/div><div class='av-horizontal-gallery-wrap noHover'><img class='av-horizontal-gallery-img' width='3264' height='2448' src='https:\/\/nestor-contorsionniste.fr\/wp-content\/uploads\/2019\/06\/IMG_5451.jpg' title='Street shows Mangeurs de Cercle company' alt='' \/><a href='https:\/\/nestor-contorsionniste.fr\/wp-content\/uploads\/2019\/06\/IMG_5451-1030x773.jpg'  class='av-horizontal-gallery-link' aria-hidden='true' data-av_icon='\ue869' data-av_iconfont='entypo-fontello'><\/a><\/div><\/div><\/div><\/div>\n<div style='height:100px' class='hr hr-invisible '><span class='hr-inner ' ><span class='hr-inner-style'><\/span><\/span><\/div>\n<section class=\"av_textblock_section\" ><div class='avia_textblock '  ><h2>\u00ab\u00a0Revue de Rue\u00a0\u00bb\u00a0de la compagnie\u00a0Remue M\u00e9nage<\/h2>\n<p><span style=\"color: #ffffff;\"><a style=\"color: #ffffff;\" href=\"https:\/\/www.remue-menage.com\/\">https:\/\/www.remue-menage.com\/<\/a><\/span><\/p>\n<\/div><\/section>\n<div class='av-horizontal-gallery av-horizontal-gallery-1px-gap av-horizontal-gallery-enlarge-effect av-horizontal-gallery-2  av-control-default'  style='padding: 3% 0px;' data-av-enlarge='1.3'  data-av-initial='2' ><div class='avia-slideshow-arrows avia-slideshow-controls'><a href='#prev' class='prev-slide av-horizontal-gallery-prev' aria-hidden='true' data-av_icon='\ue87c' data-av_iconfont='entypo-fontello'>Pr\u00e9c\u00e9dent<\/a><a href='#next' class='next-slide av-horizontal-gallery-next' aria-hidden='true' data-av_icon='\ue87d' data-av_iconfont='entypo-fontello'>Suivant<\/a><\/div><div class='av-horizontal-gallery-inner' style='padding-bottom:20%' data-av-height='20'><div class='av-horizontal-gallery-slider'><div class='av-horizontal-gallery-wrap noHover'><img class='av-horizontal-gallery-img' width='768' height='1024' src='https:\/\/nestor-contorsionniste.fr\/wp-content\/uploads\/2019\/06\/WhatsApp-Image-2021-12-07-at-12.18.19.jpeg' title='Street shows Remue M\u00e9nage company' alt='' \/><a href='https:\/\/nestor-contorsionniste.fr\/wp-content\/uploads\/2019\/06\/WhatsApp-Image-2021-12-07-at-12.18.19.jpeg'  class='av-horizontal-gallery-link' aria-hidden='true' data-av_icon='\ue869' data-av_iconfont='entypo-fontello'><\/a><\/div><div class='av-horizontal-gallery-wrap noHover'><img class='av-horizontal-gallery-img' width='720' height='480' src='https:\/\/nestor-contorsionniste.fr\/wp-content\/uploads\/2019\/06\/WhatsApp-Image-2021-10-30-at-20.37.57.jpeg' title='Street shows Remue M\u00e9nage company' alt='' \/><a href='https:\/\/nestor-contorsionniste.fr\/wp-content\/uploads\/2019\/06\/WhatsApp-Image-2021-10-30-at-20.37.57.jpeg'  class='av-horizontal-gallery-link' aria-hidden='true' data-av_icon='\ue869' data-av_iconfont='entypo-fontello'><\/a><\/div><div class='av-horizontal-gallery-wrap noHover'><img class='av-horizontal-gallery-img' width='3264' height='2448' src='https:\/\/nestor-contorsionniste.fr\/wp-content\/uploads\/2019\/06\/IMG_2869.jpg' title='Street shows Remue M\u00e9nage company' alt='' \/><a href='https:\/\/nestor-contorsionniste.fr\/wp-content\/uploads\/2019\/06\/IMG_2869-1030x773.jpg'  class='av-horizontal-gallery-link' aria-hidden='true' data-av_icon='\ue869' data-av_iconfont='entypo-fontello'><\/a><\/div><div class='av-horizontal-gallery-wrap noHover'><img class='av-horizontal-gallery-img' width='750' height='499' src='https:\/\/nestor-contorsionniste.fr\/wp-content\/uploads\/2019\/06\/WhatsApp-Image-2021-12-05-at-21.29.20.jpeg' title='Street shows Remue M\u00e9nage company' alt='' \/><a href='https:\/\/nestor-contorsionniste.fr\/wp-content\/uploads\/2019\/06\/WhatsApp-Image-2021-12-05-at-21.29.20.jpeg'  class='av-horizontal-gallery-link' aria-hidden='true' data-av_icon='\ue869' data-av_iconfont='entypo-fontello'><\/a><\/div><div class='av-horizontal-gallery-wrap noHover'><img class='av-horizontal-gallery-img' width='1080' height='1080' src='https:\/\/nestor-contorsionniste.fr\/wp-content\/uploads\/2019\/06\/264257437_10224589470337879_1190470271773464524_n.jpg' title='Street shows Remue M\u00e9nage company' alt='' \/><a href='https:\/\/nestor-contorsionniste.fr\/wp-content\/uploads\/2019\/06\/264257437_10224589470337879_1190470271773464524_n-1030x1030.jpg'  class='av-horizontal-gallery-link' aria-hidden='true' data-av_icon='\ue869' data-av_iconfont='entypo-fontello'><\/a><\/div><\/div><\/div><\/div>\n<div style='height:40px' class='hr hr-invisible '><span class='hr-inner ' ><span class='hr-inner-style'><\/span><\/span><\/div>\n<section class=\"av_textblock_section\" ><div class='avia_textblock '  style='font-size:13px; ' ><p style=\"text-align: right;\">\u00a9 Nestor &#8211; contorsionniste 2020<\/p>\n<\/div><\/section>\n","protected":false},"excerpt":{"rendered":"","protected":false},"author":1,"featured_media":0,"parent":0,"menu_order":0,"comment_status":"closed","ping_status":"closed","template":"","meta":{"footnotes":""},"_links":{"self":[{"href":"https:\/\/nestor-contorsionniste.fr\/index.php?rest_route=\/wp\/v2\/pages\/4901"}],"collection":[{"href":"https:\/\/nestor-contorsionniste.fr\/index.php?rest_route=\/wp\/v2\/pages"}],"about":[{"href":"https:\/\/nestor-contorsionniste.fr\/index.php?rest_route=\/wp\/v2\/types\/page"}],"author":[{"embeddable":true,"href":"https:\/\/nestor-contorsionniste.fr\/index.php?rest_route=\/wp\/v2\/users\/1"}],"replies":[{"embeddable":true,"href":"https:\/\/nestor-contorsionniste.fr\/index.php?rest_route=%2Fwp%2Fv2%2Fcomments&post=4901"}],"version-history":[{"count":19,"href":"https:\/\/nestor-contorsionniste.fr\/index.php?rest_route=\/wp\/v2\/pages\/4901\/revisions"}],"predecessor-version":[{"id":5283,"href":"https:\/\/nestor-contorsionniste.fr\/index.php?rest_route=\/wp\/v2\/pages\/4901\/revisions\/5283"}],"wp:attachment":[{"href":"https:\/\/nestor-contorsionniste.fr\/index.php?rest_route=%2Fwp%2Fv2%2Fmedia&parent=4901"}],"curies":[{"name":"wp","href":"https:\/\/api.w.org\/{rel}","templated":true}]}}