{"id":5229,"date":"2021-09-02T17:20:22","date_gmt":"2021-09-02T15:20:22","guid":{"rendered":"http:\/\/nestor-contorsionniste.fr\/?page_id=5229"},"modified":"2023-06-10T16:32:25","modified_gmt":"2023-06-10T14:32:25","slug":"magie","status":"publish","type":"page","link":"https:\/\/nestor-contorsionniste.fr\/?page_id=5229","title":{"rendered":"MAGIE"},"content":{"rendered":"<div class=\"flex_column av_one_full  flex_column_div first  \" style='padding:10px 0px 0px 0px ; border-radius:0px 0px 0px 0px ; '><p><div style=' margin-top:30px; margin-bottom:30px;'  class='hr hr-custom hr-center hr-icon-no '><span class='hr-inner   inner-border-av-border-fat' style=' width:200px; border-color:#ffffff;' ><span class='hr-inner-style'><\/span><\/span><\/div><br \/>\n<div style='padding-bottom:56.25%;' class='avia-video avia-video-custom  ' ><div class='avia-iframe-wrap'><iframe loading=\"lazy\" width=\"1500\" height=\"844\" src=\"https:\/\/www.youtube.com\/embed\/mCZSKKQgke4?feature=oembed\" frameborder=\"0\" allow=\"accelerometer; autoplay; clipboard-write; encrypted-media; gyroscope; picture-in-picture\" allowfullscreen><\/iframe><\/div><\/div><\/p><\/div>\n<div class=\"flex_column av_one_fifth  av-hide-on-mobile  flex_column_div av-zero-column-padding first  \" style='border-radius:0px; '><section class=\"av_textblock_section\" ><div class='avia_textblock '  ><\/div><\/section><\/div>\n<div class=\"flex_column av_three_fifth  flex_column_div   \" style='padding:0px 0px 0px 0px ; border-radius:0px; '><section class=\"av_textblock_section\" ><div class='avia_textblock '  style='font-size:20px; ' ><h1 style=\"text-align: center;\"><span style=\"color: #ffffff;\"><strong><span style=\"font-family: 'Bell MT';\">La Chapellerie Nestor<\/span><\/strong><\/span><\/h1>\n<h1><\/h1>\n<\/div><\/section><br \/>\n<div style=' margin-top:30px; margin-bottom:30px;'  class='hr hr-custom hr-center hr-icon-no '><span class='hr-inner   inner-border-av-border-fat' style=' width:200px; border-color:#ffffff;' ><span class='hr-inner-style'><\/span><\/span><\/div><br \/>\n<div style='height:50px' class='hr hr-invisible '><span class='hr-inner ' ><span class='hr-inner-style'><\/span><\/span><\/div><\/p><\/div>\n<div class=\"flex_column av_one_fifth  av-hide-on-mobile  flex_column_div av-zero-column-padding   \" style='border-radius:0px; '><section class=\"av_textblock_section\" ><div class='avia_textblock '  ><\/div><\/section><\/div>\n<div class='avia-button-wrap avia-button-center '><a href='' class='avia-button  avia-icon_select-yes-left-icon avia-color-red avia-size-x-large avia-position-center '  target=\"_blank\"   ><span class='avia_button_icon avia_button_icon_left ' aria-hidden='true' data-av_icon='\ue86c' data-av_iconfont='entypo-fontello'><\/span><span class='avia_iconbox_title' >FICHE TECHNIQUE MAGIE EN CONSTRUCTION<\/span><\/a><\/div>\n<div style='height:50px' class='hr hr-invisible '><span class='hr-inner ' ><span class='hr-inner-style'><\/span><\/span><\/div>\n<div class='flex_column_table av-equal-height-column-flextable' ><div class=\"flex_column av_one_half  no_margin flex_column_table_cell av-equal-height-column av-align-middle first  \" style='padding:0px 20px 30px 20px ; border-radius:0px; '><section class=\"av_textblock_section\" ><div class='avia_textblock '  style='font-size:14px; ' ><div style=' margin-top:30px; margin-bottom:30px;'  class='hr hr-custom hr-center hr-icon-yes '><span class='hr-inner   inner-border-av-border-fat' style=' width:100px; border-color:#ffffff;' ><span class='hr-inner-style'><\/span><\/span><span class='av-seperator-icon' style='color:#ffffff;' aria-hidden='true' data-av_icon='\ue80a' data-av_iconfont='entypo-fontello'><\/span><span class='hr-inner   inner-border-av-border-fat' style=' width:100px; border-color:#ffffff;' ><span class='hr-inner-style'><\/span><\/span><\/div>\n<p style=\"text-align: center;\">PRESENTATION :<\/p>\n<p>La Chapellerie Nestor est un num\u00e9ro unique qui m\u00e9lange les \u00e9quilibres sur cannes avec la magie. Po\u00e9tique et l\u00e9ger, il poss\u00e8de un visuel original avec le th\u00e8me de la plume, du feu et de nombreux \u00e9quilibres.<\/p>\n<div style=' margin-top:30px; margin-bottom:30px;'  class='hr hr-custom hr-center hr-icon-yes '><span class='hr-inner   inner-border-av-border-fat' style=' width:100px; border-color:#ffffff;' ><span class='hr-inner-style'><\/span><\/span><span class='av-seperator-icon' style='color:#ffffff;' aria-hidden='true' data-av_icon='\ue80a' data-av_iconfont='entypo-fontello'><\/span><span class='hr-inner   inner-border-av-border-fat' style=' width:100px; border-color:#ffffff;' ><span class='hr-inner-style'><\/span><\/span><\/div>\n<\/div><\/section><\/div>\n<div class=\"flex_column av_one_half  no_margin flex_column_table_cell av-equal-height-column av-align-middle av-zero-column-padding   \" style='border-radius:0px; '><div class='avia-image-container  av-styling-   avia-align-center '  ><div class='avia-image-container-inner'><img class='avia_image ' src='https:\/\/nestor-contorsionniste.fr\/wp-content\/uploads\/2021\/09\/chapellerie-10.png' alt='' title='chapellerie 10'   \/><\/div><\/div><\/div><\/div><!--close column table wrapper. Autoclose:  -->\n<div class='av-horizontal-gallery av-horizontal-gallery-1px-gap av-horizontal-gallery-enlarge-effect av-horizontal-gallery-1  av-control-default'  style='padding: 3% 0px;' data-av-enlarge='1.3'  data-av-initial='4' ><div class='avia-slideshow-arrows avia-slideshow-controls'><a href='#prev' class='prev-slide av-horizontal-gallery-prev' aria-hidden='true' data-av_icon='\ue87c' data-av_iconfont='entypo-fontello'>Pr\u00e9c\u00e9dent<\/a><a href='#next' class='next-slide av-horizontal-gallery-next' aria-hidden='true' data-av_icon='\ue87d' data-av_iconfont='entypo-fontello'>Suivant<\/a><\/div><div class='av-horizontal-gallery-inner' style='padding-bottom:20%' data-av-height='20'><div class='av-horizontal-gallery-slider'><div class='av-horizontal-gallery-wrap noHover'><img class='av-horizontal-gallery-img' width='1030' height='579' src='https:\/\/nestor-contorsionniste.fr\/wp-content\/uploads\/2021\/09\/chapellerie-3-1030x579.png' title='Magic handstand' alt='' \/><a href='https:\/\/nestor-contorsionniste.fr\/wp-content\/uploads\/2021\/09\/chapellerie-3-1030x579.png'  class='av-horizontal-gallery-link' aria-hidden='true' data-av_icon='\ue869' data-av_iconfont='entypo-fontello'><\/a><\/div><div class='av-horizontal-gallery-wrap noHover'><img class='av-horizontal-gallery-img' width='1030' height='579' src='https:\/\/nestor-contorsionniste.fr\/wp-content\/uploads\/2021\/09\/Chapellerie-4-1030x579.png' title='Magic handstand' alt='' \/><a href='https:\/\/nestor-contorsionniste.fr\/wp-content\/uploads\/2021\/09\/Chapellerie-4-1030x579.png'  class='av-horizontal-gallery-link' aria-hidden='true' data-av_icon='\ue869' data-av_iconfont='entypo-fontello'><\/a><\/div><div class='av-horizontal-gallery-wrap noHover'><img class='av-horizontal-gallery-img' width='1030' height='579' src='https:\/\/nestor-contorsionniste.fr\/wp-content\/uploads\/2021\/09\/chapellerie-5-1030x579.png' title='Magic handstand' alt='' \/><a href='https:\/\/nestor-contorsionniste.fr\/wp-content\/uploads\/2021\/09\/chapellerie-5-1030x579.png'  class='av-horizontal-gallery-link' aria-hidden='true' data-av_icon='\ue869' data-av_iconfont='entypo-fontello'><\/a><\/div><div class='av-horizontal-gallery-wrap noHover'><img class='av-horizontal-gallery-img' width='1030' height='579' src='https:\/\/nestor-contorsionniste.fr\/wp-content\/uploads\/2021\/09\/chapellerie-6-1030x579.png' title='Magic and Handstand' alt='' \/><a href='https:\/\/nestor-contorsionniste.fr\/wp-content\/uploads\/2021\/09\/chapellerie-6-1030x579.png'  class='av-horizontal-gallery-link' aria-hidden='true' data-av_icon='\ue869' data-av_iconfont='entypo-fontello'><\/a><\/div><div class='av-horizontal-gallery-wrap noHover'><img class='av-horizontal-gallery-img' width='1030' height='579' src='https:\/\/nestor-contorsionniste.fr\/wp-content\/uploads\/2021\/09\/chapellerie-9-1030x579.png' title='Magic handstand' alt='' \/><a href='https:\/\/nestor-contorsionniste.fr\/wp-content\/uploads\/2021\/09\/chapellerie-9-1030x579.png'  class='av-horizontal-gallery-link' aria-hidden='true' data-av_icon='\ue869' data-av_iconfont='entypo-fontello'><\/a><\/div><div class='av-horizontal-gallery-wrap noHover'><img class='av-horizontal-gallery-img' width='1030' height='579' src='https:\/\/nestor-contorsionniste.fr\/wp-content\/uploads\/2021\/09\/Chapellerie-11-1030x579.png' title='Magic handstand' alt='' \/><a href='https:\/\/nestor-contorsionniste.fr\/wp-content\/uploads\/2021\/09\/Chapellerie-11-1030x579.png'  class='av-horizontal-gallery-link' aria-hidden='true' data-av_icon='\ue869' data-av_iconfont='entypo-fontello'><\/a><\/div><\/div><\/div><\/div>\n<div style='height:50px' class='hr hr-invisible '><span class='hr-inner ' ><span class='hr-inner-style'><\/span><\/span><\/div>\n<section class=\"av_textblock_section\" ><div class='avia_textblock '  style='font-size:13px; ' ><p style=\"text-align: right;\">\u00a9 Nestor &#8211; contorsionniste 2021<\/p>\n<\/div><\/section>\n","protected":false},"excerpt":{"rendered":"","protected":false},"author":1,"featured_media":0,"parent":0,"menu_order":0,"comment_status":"closed","ping_status":"closed","template":"","meta":{"footnotes":""},"_links":{"self":[{"href":"https:\/\/nestor-contorsionniste.fr\/index.php?rest_route=\/wp\/v2\/pages\/5229"}],"collection":[{"href":"https:\/\/nestor-contorsionniste.fr\/index.php?rest_route=\/wp\/v2\/pages"}],"about":[{"href":"https:\/\/nestor-contorsionniste.fr\/index.php?rest_route=\/wp\/v2\/types\/page"}],"author":[{"embeddable":true,"href":"https:\/\/nestor-contorsionniste.fr\/index.php?rest_route=\/wp\/v2\/users\/1"}],"replies":[{"embeddable":true,"href":"https:\/\/nestor-contorsionniste.fr\/index.php?rest_route=%2Fwp%2Fv2%2Fcomments&post=5229"}],"version-history":[{"count":13,"href":"https:\/\/nestor-contorsionniste.fr\/index.php?rest_route=\/wp\/v2\/pages\/5229\/revisions"}],"predecessor-version":[{"id":5505,"href":"https:\/\/nestor-contorsionniste.fr\/index.php?rest_route=\/wp\/v2\/pages\/5229\/revisions\/5505"}],"wp:attachment":[{"href":"https:\/\/nestor-contorsionniste.fr\/index.php?rest_route=%2Fwp%2Fv2%2Fmedia&parent=5229"}],"curies":[{"name":"wp","href":"https:\/\/api.w.org\/{rel}","templated":true}]}}