{"id":5299,"date":"2022-03-30T17:27:50","date_gmt":"2022-03-30T15:27:50","guid":{"rendered":"http:\/\/nestor-contorsionniste.fr\/?page_id=5299"},"modified":"2022-03-30T18:01:30","modified_gmt":"2022-03-30T16:01:30","slug":"bodypainting","status":"publish","type":"page","link":"https:\/\/nestor-contorsionniste.fr\/?page_id=5299","title":{"rendered":"Bodypainting"},"content":{"rendered":"<div style='height:70px' class='hr hr-invisible '><span class='hr-inner ' ><span class='hr-inner-style'><\/span><\/span><\/div>\n<div class='flex_column_table av-equal-height-column-flextable' style='margin-top:0px; margin-bottom:0px; '><div class=\"flex_column av_one_fourth  av-hide-on-mobile  no_margin flex_column_table_cell av-equal-height-column av-align-top first  \" style='padding:20px 20px 0px 20px ; border-radius:0px; '><section class=\"av_textblock_section\" ><div class='avia_textblock '  style='font-size:24px; ' ><\/div><\/section><\/div>\n<div class=\"flex_column av_one_half  no_margin flex_column_table_cell av-equal-height-column av-align-top av-zero-column-padding   \" style='border-radius:0px; '><section class=\"av_textblock_section\" ><div class='avia_textblock '  style='font-size:24px; ' ><h2 style=\"text-align: center;\"><\/h2>\n<h3 style=\"text-align: center;\"><span style=\"color: #a62626;\">PRESTATIONS DE BODYPAINTING<\/span><\/h3>\n<\/div><\/section><\/div>\n<div class=\"flex_column av_one_fourth  av-hide-on-mobile  no_margin flex_column_table_cell av-equal-height-column av-align-top   \" style='padding:20px 20px 0px 20px ; border-radius:0px; '><section class=\"av_textblock_section\" ><div class='avia_textblock '  style='font-size:24px; ' ><\/div><\/section><\/div><\/div><!--close column table wrapper. Autoclose:  -->\n<div class='flex_column_table av-equal-height-column-flextable' style='margin-top:0px; margin-bottom:0px; '><div class=\"flex_column av_one_fourth  av-hide-on-mobile  no_margin flex_column_table_cell av-equal-height-column av-align-top first  \" style='padding:20px 20px 0px 20px ; border-radius:0px; '><section class=\"av_textblock_section\" ><div class='avia_textblock '  style='font-size:24px; ' ><\/div><\/section><\/div>\n<div class=\"flex_column av_one_half  av-hide-on-mobile  no_margin flex_column_table_cell av-equal-height-column av-align-top av-zero-column-padding   \" style='border-radius:0px; '><div style=' margin-top:0px; margin-bottom:0px;'  class='hr hr-custom hr-center hr-icon-yes '><span class='hr-inner   inner-border-av-border-none' style=' width:300px; border-color:#ffffff;' ><span class='hr-inner-style'><\/span><\/span><span class='av-seperator-icon' style='color:#ffffff;' aria-hidden='true' data-av_icon='\ue808' data-av_iconfont='entypo-fontello'><\/span><span class='hr-inner   inner-border-av-border-none' style=' width:300px; border-color:#ffffff;' ><span class='hr-inner-style'><\/span><\/span><\/div><\/div>\n<div class=\"flex_column av_one_fourth  av-hide-on-mobile  no_margin flex_column_table_cell av-equal-height-column av-align-top av-zero-column-padding   \" style='border-radius:0px; '><section class=\"av_textblock_section\" ><div class='avia_textblock '  style='font-size:24px; ' ><\/div><\/section><\/div><\/div><!--close column table wrapper. Autoclose:  -->\n<div class=\"flex_column av_one_half  flex_column_div first  \" style='padding:20px 00px 00px 00px ; border-radius:0px; '><div class='avia-image-container  av-styling-circle av-hover-grow noHover  av-overlay-on-hover  avia-align-center '  ><div class='avia-image-container-inner'><a href='https:\/\/nestor-contorsionniste.fr\/?page_id=4310' class='avia_image'  ><div class='av-image-caption-overlay'><div class='av-caption-image-overlay-bg' style='opacity:0.4; background-color:#000000; '><\/div><div class='av-image-caption-overlay-position'><div class='av-image-caption-overlay-center' style='color:#ffffff; font-size:28px; '><p>Maquillage Sophia Benomar<\/p>\n<\/div><\/div><\/div><img class='avia_image ' src='https:\/\/nestor-contorsionniste.fr\/wp-content\/uploads\/2018\/07\/33172739276_42bdcc3499_o.jpg' alt='' title=''  \/><\/a><\/div><\/div><\/div><div class=\"flex_column av_one_half  flex_column_div   \" style='padding:20px 00px 00px 00px ; border-radius:0px; '><div class='avia-image-container  av-styling-circle av-hover-grow noHover  av-overlay-on-hover  avia-align-center '  ><div class='avia-image-container-inner'><div class='av-image-caption-overlay'><div class='av-caption-image-overlay-bg' style='opacity:0.4; background-color:#000000; '><\/div><div class='av-image-caption-overlay-position'><div class='av-image-caption-overlay-center' style='color:#ffffff; font-size:28px; '><p>Num\u00e9ro NESS<\/p>\n<\/div><\/div><\/div><img class='avia_image ' src='https:\/\/nestor-contorsionniste.fr\/wp-content\/uploads\/2022\/03\/1220546.jpg' alt='' title='bodypainting contortion'   \/><\/div><\/div><\/div><\/p>\n<div style='height:70px' class='hr hr-invisible '><span class='hr-inner ' ><span class='hr-inner-style'><\/span><\/span><\/div>\n<div class='flex_column_table av-equal-height-column-flextable' ><div class=\"flex_column av_one_fourth  av-hide-on-mobile  no_margin flex_column_table_cell av-equal-height-column av-align-middle av-zero-column-padding first  \" style='border-radius:0px; '><section class=\"av_textblock_section\" ><div class='avia_textblock '  style='font-size:24px; ' ><\/div><\/section><\/div>\n<div class=\"flex_column av_one_half  no_margin flex_column_table_cell av-equal-height-column av-align-middle av-zero-column-padding   \" style='border-width:6px; border-color:#ffffff; border-style:solid; border-radius:0px; '><section class=\"av_textblock_section\" ><div class='avia_textblock '  style='font-size:18px; ' ><p style=\"text-align: center;\"><strong><span style=\"color: #ffffff;\"> Cliquer sur une des images pour avoir plus d&rsquo;informations sur le num\u00e9ro!<\/span><\/strong><\/p>\n<\/div><\/section><\/div>\n<div class=\"flex_column av_one_fourth  av-hide-on-mobile  no_margin flex_column_table_cell av-equal-height-column av-align-middle av-zero-column-padding   \" style='border-radius:0px; '><section class=\"av_textblock_section\" ><div class='avia_textblock '  style='font-size:24px; ' ><\/div><\/section><\/div><\/div><!--close column table wrapper. Autoclose:  -->\n<div style='height:70px' class='hr hr-invisible '><span class='hr-inner ' ><span class='hr-inner-style'><\/span><\/span><\/div>\n<div class=\"flex_column av_one_full  flex_column_div av-zero-column-padding first  \" style='border-radius:0px; '><section class=\"av_textblock_section\" ><div class='avia_textblock '  style='font-size:24px; ' ><h2 style=\"text-align: center;\"><\/h2>\n<p style=\"text-align: center;\"><strong><span style=\"color: #ffffff;\">Cr\u00e9ation de prestation \u00e0 la demande :<\/span><\/strong><\/p>\n<p style=\"text-align: center;\"><strong><span style=\"color: #ffffff;\">Bodypainting \u00e0 vue du public<\/span><\/strong><\/p>\n<p style=\"text-align: center;\"><strong><span style=\"color: #ffffff;\">Num\u00e9ro d&rsquo;\u00e9quilibre ou de contorsion int\u00e9grant un bodypainting<\/span><\/strong><\/p>\n<\/div><\/section><\/div>\n","protected":false},"excerpt":{"rendered":"","protected":false},"author":1,"featured_media":0,"parent":0,"menu_order":0,"comment_status":"closed","ping_status":"closed","template":"","meta":{"footnotes":""},"_links":{"self":[{"href":"https:\/\/nestor-contorsionniste.fr\/index.php?rest_route=\/wp\/v2\/pages\/5299"}],"collection":[{"href":"https:\/\/nestor-contorsionniste.fr\/index.php?rest_route=\/wp\/v2\/pages"}],"about":[{"href":"https:\/\/nestor-contorsionniste.fr\/index.php?rest_route=\/wp\/v2\/types\/page"}],"author":[{"embeddable":true,"href":"https:\/\/nestor-contorsionniste.fr\/index.php?rest_route=\/wp\/v2\/users\/1"}],"replies":[{"embeddable":true,"href":"https:\/\/nestor-contorsionniste.fr\/index.php?rest_route=%2Fwp%2Fv2%2Fcomments&post=5299"}],"version-history":[{"count":7,"href":"https:\/\/nestor-contorsionniste.fr\/index.php?rest_route=\/wp\/v2\/pages\/5299\/revisions"}],"predecessor-version":[{"id":5313,"href":"https:\/\/nestor-contorsionniste.fr\/index.php?rest_route=\/wp\/v2\/pages\/5299\/revisions\/5313"}],"wp:attachment":[{"href":"https:\/\/nestor-contorsionniste.fr\/index.php?rest_route=%2Fwp%2Fv2%2Fmedia&parent=5299"}],"curies":[{"name":"wp","href":"https:\/\/api.w.org\/{rel}","templated":true}]}}