{"id":5413,"date":"2023-02-11T11:45:07","date_gmt":"2023-02-11T10:45:07","guid":{"rendered":"http:\/\/nestor-contorsionniste.fr\/?page_id=5413"},"modified":"2024-07-25T23:16:28","modified_gmt":"2024-07-25T21:16:28","slug":"speakeasy-and-sensual-contortion-and-handbalance-duo-act","status":"publish","type":"page","link":"https:\/\/nestor-contorsionniste.fr\/?page_id=5413","title":{"rendered":"Num\u00e9ro Sexy &#8211; Speakeasy : Demi-finale la France a un Incroyable Talent"},"content":{"rendered":"<div class='flex_column_table av-equal-height-column-flextable' ><div class=\"flex_column av_one_full  no_margin flex_column_table_cell av-equal-height-column av-align-middle first  \" style='padding:0px 20px 30px 20px ; border-radius:0px; '><section class=\"av_textblock_section\" ><div class='avia_textblock '  style='font-size:15px; ' ><h1 style=\"text-align: center;\">SPEAKEASY &#8211; Duo Des Articul\u00e9s<\/h1>\n<\/div><\/section><\/div><\/div><!--close column table wrapper. Autoclose:  -->\n<div class=\"flex_column av_one_full  no_margin flex_column_div first  \" style='margin-top:0px; margin-bottom:0px; padding:0px 0px 40px 0px ; border-radius:0px; '><div class='avia-image-container  av-styling-   avia-align-center '  ><div class='avia-image-container-inner'><img class='avia_image ' src='https:\/\/nestor-contorsionniste.fr\/wp-content\/uploads\/2023\/02\/Incroyable-talent-3-1500x630.jpg' alt='' title='TOURNAGE DEMI FINALE'   \/><\/div><\/div><\/div>\n<div style='height:100px' class='hr hr-invisible '><span class='hr-inner ' ><span class='hr-inner-style'><\/span><\/span><\/div>\n<div class='flex_column_table av-equal-height-column-flextable' ><div class=\"flex_column av_one_half  no_margin flex_column_table_cell av-equal-height-column av-align-middle first  \" style='padding:0px 20px 30px 20px ; border-radius:0px; '><section class=\"av_textblock_section\" ><div class='avia_textblock '  style='font-size:15px; ' ><div style=' margin-top:30px; margin-bottom:30px;'  class='hr hr-custom hr-center hr-icon-yes '><span class='hr-inner   inner-border-av-border-fat' style=' width:100px; border-color:#ffffff;' ><span class='hr-inner-style'><\/span><\/span><span class='av-seperator-icon' style='color:#ffffff;' aria-hidden='true' data-av_icon='\ue80a' data-av_iconfont='entypo-fontello'><\/span><span class='hr-inner   inner-border-av-border-fat' style=' width:100px; border-color:#ffffff;' ><span class='hr-inner-style'><\/span><\/span><\/div>\n<p style=\"text-align: center;\">Presentation :<\/p>\n<p>Dans ce num\u00e9ro cr\u00e9\u00e9 pour la demi-finale de la France a un Incroyable Talent, le Duo Des Articul\u00e9s place le d\u00e9cors dans un bar \u00ab\u00a0Speakeasy\u00a0\u00bb. Sensualit\u00e9 et \u00e9l\u00e9gance sont les deux maitres mots de ce num\u00e9ro.<\/p>\n<div style=' margin-top:30px; margin-bottom:30px;'  class='hr hr-custom hr-center hr-icon-yes '><span class='hr-inner   inner-border-av-border-fat' style=' width:100px; border-color:#ffffff;' ><span class='hr-inner-style'><\/span><\/span><span class='av-seperator-icon' style='color:#ffffff;' aria-hidden='true' data-av_icon='\ue80a' data-av_iconfont='entypo-fontello'><\/span><span class='hr-inner   inner-border-av-border-fat' style=' width:100px; border-color:#ffffff;' ><span class='hr-inner-style'><\/span><\/span><\/div>\n<\/div><\/section><\/div>\n<div class=\"flex_column av_one_half  no_margin flex_column_table_cell av-equal-height-column av-align-middle av-zero-column-padding   \" style='border-radius:0px; '><div style='padding-bottom:56.25%;' class='avia-video avia-video-custom  ' ><div class='avia-iframe-wrap'><iframe loading=\"lazy\" frameborder=\"0\" width=\"1500\" height=\"843\" src=\"https:\/\/www.dailymotion.com\/embed\/video\/x8ga4t7?pubtool=oembed\" allowfullscreen allow=\"autoplay\"><\/iframe><\/div><\/div><\/div><\/div><!--close column table wrapper. Autoclose:  -->\n<div style='height:100px' class='hr hr-invisible '><span class='hr-inner ' ><span class='hr-inner-style'><\/span><\/span><\/div>\n<div class='av-horizontal-gallery av-horizontal-gallery-1px-gap av-horizontal-gallery-enlarge-effect av-horizontal-gallery-1  av-control-default'  style='padding: 3% 0px;' data-av-enlarge='1.3'  data-av-initial='2' ><div class='avia-slideshow-arrows avia-slideshow-controls'><a href='#prev' class='prev-slide av-horizontal-gallery-prev' aria-hidden='true' data-av_icon='\ue87c' data-av_iconfont='entypo-fontello'>Pr\u00e9c\u00e9dent<\/a><a href='#next' class='next-slide av-horizontal-gallery-next' aria-hidden='true' data-av_icon='\ue87d' data-av_iconfont='entypo-fontello'>Suivant<\/a><\/div><div class='av-horizontal-gallery-inner' style='padding-bottom:20%' data-av-height='20'><div class='av-horizontal-gallery-slider'><div class='av-horizontal-gallery-wrap noHover'><img class='av-horizontal-gallery-img' width='3500' height='2517' src='https:\/\/nestor-contorsionniste.fr\/wp-content\/uploads\/2023\/02\/Incroyable-talent-1-1.jpg' title='Contortion Duo - TV shows' alt='' \/><a href='https:\/\/nestor-contorsionniste.fr\/wp-content\/uploads\/2023\/02\/Incroyable-talent-1-1-1030x741.jpg'  class='av-horizontal-gallery-link' aria-hidden='true' data-av_icon='\ue869' data-av_iconfont='entypo-fontello'><\/a><\/div><div class='av-horizontal-gallery-wrap noHover'><img class='av-horizontal-gallery-img' width='3500' height='2518' src='https:\/\/nestor-contorsionniste.fr\/wp-content\/uploads\/2023\/02\/Incroyable-Talent-2-1.jpg' title='Contortion Duo - French Got Talent' alt='' \/><a href='https:\/\/nestor-contorsionniste.fr\/wp-content\/uploads\/2023\/02\/Incroyable-Talent-2-1-1030x741.jpg'  class='av-horizontal-gallery-link' aria-hidden='true' data-av_icon='\ue869' data-av_iconfont='entypo-fontello'><\/a><\/div><div class='av-horizontal-gallery-wrap noHover'><img class='av-horizontal-gallery-img' width='3500' height='2517' src='https:\/\/nestor-contorsionniste.fr\/wp-content\/uploads\/2023\/02\/Incroyable-talent-3-2.jpg' title='Contortion Duo - TV shows' alt='' \/><a href='https:\/\/nestor-contorsionniste.fr\/wp-content\/uploads\/2023\/02\/Incroyable-talent-3-2-1030x741.jpg'  class='av-horizontal-gallery-link' aria-hidden='true' data-av_icon='\ue869' data-av_iconfont='entypo-fontello'><\/a><\/div><div class='av-horizontal-gallery-wrap noHover'><img class='av-horizontal-gallery-img' width='3500' height='2517' src='https:\/\/nestor-contorsionniste.fr\/wp-content\/uploads\/2023\/02\/M6_0061020_0120-1.jpg' title='Contortion Duo - TV shows' alt='' \/><a href='https:\/\/nestor-contorsionniste.fr\/wp-content\/uploads\/2023\/02\/M6_0061020_0120-1-1030x741.jpg'  class='av-horizontal-gallery-link' aria-hidden='true' data-av_icon='\ue869' data-av_iconfont='entypo-fontello'><\/a><\/div><\/div><\/div><\/div>\n<section class=\"av_textblock_section\" ><div class='avia_textblock '  style='font-size:13px; ' ><p style=\"text-align: right;\">\u00a9 Nestor &#8211; contorsionniste 2023<\/p>\n<\/div><\/section>\n","protected":false},"excerpt":{"rendered":"","protected":false},"author":1,"featured_media":0,"parent":0,"menu_order":0,"comment_status":"closed","ping_status":"closed","template":"","meta":{"footnotes":""},"_links":{"self":[{"href":"https:\/\/nestor-contorsionniste.fr\/index.php?rest_route=\/wp\/v2\/pages\/5413"}],"collection":[{"href":"https:\/\/nestor-contorsionniste.fr\/index.php?rest_route=\/wp\/v2\/pages"}],"about":[{"href":"https:\/\/nestor-contorsionniste.fr\/index.php?rest_route=\/wp\/v2\/types\/page"}],"author":[{"embeddable":true,"href":"https:\/\/nestor-contorsionniste.fr\/index.php?rest_route=\/wp\/v2\/users\/1"}],"replies":[{"embeddable":true,"href":"https:\/\/nestor-contorsionniste.fr\/index.php?rest_route=%2Fwp%2Fv2%2Fcomments&post=5413"}],"version-history":[{"count":5,"href":"https:\/\/nestor-contorsionniste.fr\/index.php?rest_route=\/wp\/v2\/pages\/5413\/revisions"}],"predecessor-version":[{"id":5504,"href":"https:\/\/nestor-contorsionniste.fr\/index.php?rest_route=\/wp\/v2\/pages\/5413\/revisions\/5504"}],"wp:attachment":[{"href":"https:\/\/nestor-contorsionniste.fr\/index.php?rest_route=%2Fwp%2Fv2%2Fmedia&parent=5413"}],"curies":[{"name":"wp","href":"https:\/\/api.w.org\/{rel}","templated":true}]}}