{"id":5428,"date":"2023-02-11T11:57:38","date_gmt":"2023-02-11T10:57:38","guid":{"rendered":"http:\/\/nestor-contorsionniste.fr\/?page_id=5428"},"modified":"2024-07-25T23:17:30","modified_gmt":"2024-07-25T21:17:30","slug":"je-taime-moi-non-plus-burlesque-contortion-and-handbalance-duo-act","status":"publish","type":"page","link":"https:\/\/nestor-contorsionniste.fr\/?page_id=5428","title":{"rendered":"Num\u00e9ro Burlesque &#8211; Je t&rsquo;aime&#8230; moi non plus : Finale La France a un Incroyable Talent"},"content":{"rendered":"<div class='flex_column_table av-equal-height-column-flextable' ><div class=\"flex_column av_one_full  no_margin flex_column_table_cell av-equal-height-column av-align-middle first  \" style='padding:0px 20px 30px 20px ; border-radius:0px; '><section class=\"av_textblock_section\" ><div class='avia_textblock '  style='font-size:15px; ' ><h1 style=\"text-align: center;\">JE T&rsquo;AIME &#8230; MOI NON PLUS\u00a0&#8211; Duo Des Articul\u00e9s<\/h1>\n<\/div><\/section><\/div><\/div><!--close column table wrapper. Autoclose:  -->\n<div class=\"flex_column av_one_full  no_margin flex_column_div first  \" style='margin-top:0px; margin-bottom:0px; padding:0px 0px 40px 0px ; border-radius:0px; '><div class='avia-image-container  av-styling-   avia-align-center '  ><div class='avia-image-container-inner'><img class='avia_image ' src='https:\/\/nestor-contorsionniste.fr\/wp-content\/uploads\/2023\/02\/M6_0061461_0235-1500x630.jpg' alt='' title='Contortion duo at TV show'   \/><\/div><\/div><\/div>\n<div class='flex_column_table av-equal-height-column-flextable' ><div class=\"flex_column av_one_half  no_margin flex_column_table_cell av-equal-height-column av-align-middle first  \" style='padding:0px 20px 30px 20px ; border-radius:0px; '><section class=\"av_textblock_section\" ><div class='avia_textblock '  style='font-size:15px; ' ><div style=' margin-top:30px; margin-bottom:30px;'  class='hr hr-custom hr-center hr-icon-yes '><span class='hr-inner   inner-border-av-border-fat' style=' width:100px; border-color:#ffffff;' ><span class='hr-inner-style'><\/span><\/span><span class='av-seperator-icon' style='color:#ffffff;' aria-hidden='true' data-av_icon='\ue80a' data-av_iconfont='entypo-fontello'><\/span><span class='hr-inner   inner-border-av-border-fat' style=' width:100px; border-color:#ffffff;' ><span class='hr-inner-style'><\/span><\/span><\/div>\n<p style=\"text-align: center;\">Presentation :<\/p>\n<p>Dans ce num\u00e9ro cr\u00e9\u00e9 pour la finale de la France a un Incroyable Talent, le Duo Des Articul\u00e9s place le\u00a0ton dans le registre de l&rsquo;humour. Ce num\u00e9ro burlesque sur la c\u00e9l\u00e8bre chanson de Serge Gainsbourg et Jane Birkin est dr\u00f4le et l\u00e9ger. Pour la premi\u00e8re fois le Duo Des Articul\u00e9s r\u00e9alise des port\u00e9s en a\u00e9rien pour un final qui transportera le public au 7\u00e8me ciel.<\/p>\n<div style=' margin-top:30px; margin-bottom:30px;'  class='hr hr-custom hr-center hr-icon-yes '><span class='hr-inner   inner-border-av-border-fat' style=' width:100px; border-color:#ffffff;' ><span class='hr-inner-style'><\/span><\/span><span class='av-seperator-icon' style='color:#ffffff;' aria-hidden='true' data-av_icon='\ue80a' data-av_iconfont='entypo-fontello'><\/span><span class='hr-inner   inner-border-av-border-fat' style=' width:100px; border-color:#ffffff;' ><span class='hr-inner-style'><\/span><\/span><\/div>\n<\/div><\/section><\/div>\n<div class=\"flex_column av_one_half  no_margin flex_column_table_cell av-equal-height-column av-align-middle av-zero-column-padding   \" style='border-radius:0px; '><div style='padding-bottom:56.25%;' class='avia-video avia-video-custom  ' ><div class='avia-iframe-wrap'><iframe loading=\"lazy\" frameborder=\"0\" width=\"1500\" height=\"843\" src=\"https:\/\/www.dailymotion.com\/embed\/video\/x8gnvi8?pubtool=oembed\" allowfullscreen allow=\"autoplay\"><\/iframe><\/div><\/div><\/div><\/div><!--close column table wrapper. Autoclose:  -->\n<div style='height:100px' class='hr hr-invisible '><span class='hr-inner ' ><span class='hr-inner-style'><\/span><\/span><\/div>\n<div class='av-horizontal-gallery av-horizontal-gallery-1px-gap av-horizontal-gallery-enlarge-effect av-horizontal-gallery-1  av-control-default'  style='padding: 3% 0px;' data-av-enlarge='1.3'  data-av-initial='2' ><div class='avia-slideshow-arrows avia-slideshow-controls'><a href='#prev' class='prev-slide av-horizontal-gallery-prev' aria-hidden='true' data-av_icon='\ue87c' data-av_iconfont='entypo-fontello'>Pr\u00e9c\u00e9dent<\/a><a href='#next' class='next-slide av-horizontal-gallery-next' aria-hidden='true' data-av_icon='\ue87d' data-av_iconfont='entypo-fontello'>Suivant<\/a><\/div><div class='av-horizontal-gallery-inner' style='padding-bottom:20%' data-av-height='20'><div class='av-horizontal-gallery-slider'><div class='av-horizontal-gallery-wrap noHover'><img class='av-horizontal-gallery-img' width='3016' height='4200' src='https:\/\/nestor-contorsionniste.fr\/wp-content\/uploads\/2023\/02\/M6_0061461_0230.jpg' title='Contortion duo at TV show' alt='' \/><a href='https:\/\/nestor-contorsionniste.fr\/wp-content\/uploads\/2023\/02\/M6_0061461_0230-740x1030.jpg'  class='av-horizontal-gallery-link' aria-hidden='true' data-av_icon='\ue869' data-av_iconfont='entypo-fontello'><\/a><\/div><div class='av-horizontal-gallery-wrap noHover'><img class='av-horizontal-gallery-img' width='4200' height='3016' src='https:\/\/nestor-contorsionniste.fr\/wp-content\/uploads\/2023\/02\/M6_0061461_0236.jpg' title='Contortion duo at TV show' alt='' \/><a href='https:\/\/nestor-contorsionniste.fr\/wp-content\/uploads\/2023\/02\/M6_0061461_0236-1030x740.jpg'  class='av-horizontal-gallery-link' aria-hidden='true' data-av_icon='\ue869' data-av_iconfont='entypo-fontello'><\/a><\/div><div class='av-horizontal-gallery-wrap noHover'><img class='av-horizontal-gallery-img' width='3016' height='4200' src='https:\/\/nestor-contorsionniste.fr\/wp-content\/uploads\/2023\/02\/M6_0061461_0238.jpg' title='Contortion duo at TV show' alt='' \/><a href='https:\/\/nestor-contorsionniste.fr\/wp-content\/uploads\/2023\/02\/M6_0061461_0238-740x1030.jpg'  class='av-horizontal-gallery-link' aria-hidden='true' data-av_icon='\ue869' data-av_iconfont='entypo-fontello'><\/a><\/div><div class='av-horizontal-gallery-wrap noHover'><img class='av-horizontal-gallery-img' width='4200' height='3016' src='https:\/\/nestor-contorsionniste.fr\/wp-content\/uploads\/2023\/02\/M6_0061461_0247.jpg' title='Contortion duo at TV show' alt='' \/><a href='https:\/\/nestor-contorsionniste.fr\/wp-content\/uploads\/2023\/02\/M6_0061461_0247-1030x740.jpg'  class='av-horizontal-gallery-link' aria-hidden='true' data-av_icon='\ue869' data-av_iconfont='entypo-fontello'><\/a><\/div><\/div><\/div><\/div>\n<section class=\"av_textblock_section\" ><div class='avia_textblock '  style='font-size:13px; ' ><p style=\"text-align: right;\">\u00a9 Nestor &#8211; contorsionniste 2023<\/p>\n<\/div><\/section>\n","protected":false},"excerpt":{"rendered":"","protected":false},"author":1,"featured_media":0,"parent":0,"menu_order":0,"comment_status":"closed","ping_status":"closed","template":"","meta":{"footnotes":""},"_links":{"self":[{"href":"https:\/\/nestor-contorsionniste.fr\/index.php?rest_route=\/wp\/v2\/pages\/5428"}],"collection":[{"href":"https:\/\/nestor-contorsionniste.fr\/index.php?rest_route=\/wp\/v2\/pages"}],"about":[{"href":"https:\/\/nestor-contorsionniste.fr\/index.php?rest_route=\/wp\/v2\/types\/page"}],"author":[{"embeddable":true,"href":"https:\/\/nestor-contorsionniste.fr\/index.php?rest_route=\/wp\/v2\/users\/1"}],"replies":[{"embeddable":true,"href":"https:\/\/nestor-contorsionniste.fr\/index.php?rest_route=%2Fwp%2Fv2%2Fcomments&post=5428"}],"version-history":[{"count":6,"href":"https:\/\/nestor-contorsionniste.fr\/index.php?rest_route=\/wp\/v2\/pages\/5428\/revisions"}],"predecessor-version":[{"id":5494,"href":"https:\/\/nestor-contorsionniste.fr\/index.php?rest_route=\/wp\/v2\/pages\/5428\/revisions\/5494"}],"wp:attachment":[{"href":"https:\/\/nestor-contorsionniste.fr\/index.php?rest_route=%2Fwp%2Fv2%2Fmedia&parent=5428"}],"curies":[{"name":"wp","href":"https:\/\/api.w.org\/{rel}","templated":true}]}}